{"id":85,"date":"2025-07-04T12:29:16","date_gmt":"2025-07-04T15:29:16","guid":{"rendered":"https:\/\/instalemos.com.br\/?page_id=85"},"modified":"2025-10-03T12:15:27","modified_gmt":"2025-10-03T15:15:27","slug":"obras","status":"publish","type":"page","link":"http:\/\/instalemos.com.br\/index.php\/obras\/","title":{"rendered":"Obras"},"content":{"rendered":"\t\t<div data-elementor-type=\"wp-page\" data-elementor-id=\"85\" class=\"elementor elementor-85\" data-elementor-post-type=\"page\">\n\t\t\t\t<div class=\"elementor-element elementor-element-54ad19d6 e-con-full e-flex e-con e-parent\" data-id=\"54ad19d6\" data-element_type=\"container\" data-settings=\"{&quot;background_background&quot;:&quot;classic&quot;,&quot;sticky&quot;:&quot;top&quot;,&quot;sticky_on&quot;:[&quot;desktop&quot;,&quot;tablet&quot;,&quot;mobile&quot;],&quot;sticky_offset&quot;:0,&quot;sticky_effects_offset&quot;:0,&quot;sticky_anchor_link_offset&quot;:0}\">\n\t\t<div class=\"elementor-element elementor-element-6492af8d e-con-full e-flex e-con e-child\" data-id=\"6492af8d\" data-element_type=\"container\">\n\t\t\t\t<div class=\"elementor-element elementor-element-58947b99 elementor-widget__width-initial elementor-widget elementor-widget-theme-site-logo elementor-widget-image\" data-id=\"58947b99\" data-element_type=\"widget\" data-widget_type=\"theme-site-logo.default\">\n\t\t\t\t<div class=\"elementor-widget-container\">\n\t\t\t\t\t\t\t\t\t\t\t<a href=\"http:\/\/instalemos.com.br\">\n\t\t\t<img fetchpriority=\"high\" decoding=\"async\" width=\"1234\" height=\"297\" src=\"http:\/\/instalemos.com.br\/wp-content\/uploads\/2025\/07\/logo.svg\" class=\"attachment-full size-full wp-image-18\" alt=\"\" \/>\t\t\t\t<\/a>\n\t\t\t\t\t\t\t\t\t\t\t<\/div>\n\t\t\t\t<\/div>\n\t\t\t\t<\/div>\n\t\t<div class=\"elementor-element elementor-element-664471a3 e-con-full e-flex e-con e-child\" data-id=\"664471a3\" data-element_type=\"container\">\n\t\t\t\t<div class=\"elementor-element elementor-element-24d9aa6e elementor-nav-menu--stretch elementor-nav-menu__align-end elementor-nav-menu--dropdown-mobile elementor-nav-menu__text-align-aside elementor-nav-menu--toggle elementor-nav-menu--burger elementor-widget elementor-widget-nav-menu\" data-id=\"24d9aa6e\" data-element_type=\"widget\" data-settings=\"{&quot;full_width&quot;:&quot;stretch&quot;,&quot;layout&quot;:&quot;horizontal&quot;,&quot;submenu_icon&quot;:{&quot;value&quot;:&quot;&lt;svg class=\\&quot;e-font-icon-svg e-fas-caret-down\\&quot; viewBox=\\&quot;0 0 320 512\\&quot; xmlns=\\&quot;http:\\\/\\\/www.w3.org\\\/2000\\\/svg\\&quot;&gt;&lt;path d=\\&quot;M31.3 192h257.3c17.8 0 26.7 21.5 14.1 34.1L174.1 354.8c-7.8 7.8-20.5 7.8-28.3 0L17.2 226.1C4.6 213.5 13.5 192 31.3 192z\\&quot;&gt;&lt;\\\/path&gt;&lt;\\\/svg&gt;&quot;,&quot;library&quot;:&quot;fa-solid&quot;},&quot;toggle&quot;:&quot;burger&quot;}\" data-widget_type=\"nav-menu.default\">\n\t\t\t\t<div class=\"elementor-widget-container\">\n\t\t\t\t\t\t\t\t<nav aria-label=\"Menu\" class=\"elementor-nav-menu--main elementor-nav-menu__container elementor-nav-menu--layout-horizontal e--pointer-underline e--animation-fade\">\n\t\t\t\t<ul id=\"menu-1-24d9aa6e\" class=\"elementor-nav-menu\"><li class=\"menu-item menu-item-type-post_type menu-item-object-page menu-item-home menu-item-92\"><a href=\"http:\/\/instalemos.com.br\/\" class=\"elementor-item menu-link\">Home<\/a><\/li>\n<li class=\"menu-item menu-item-type-post_type menu-item-object-page menu-item-90\"><a href=\"http:\/\/instalemos.com.br\/index.php\/quem-somos\/\" class=\"elementor-item menu-link\">Quem somos<\/a><\/li>\n<li class=\"menu-item menu-item-type-post_type menu-item-object-page menu-item-89\"><a href=\"http:\/\/instalemos.com.br\/index.php\/servicos\/\" class=\"elementor-item menu-link\">Servi\u00e7os<\/a><\/li>\n<li class=\"menu-item menu-item-type-post_type menu-item-object-page menu-item-87\"><a href=\"http:\/\/instalemos.com.br\/index.php\/obras\/\" class=\"elementor-item menu-link\">Obras<\/a><\/li>\n<li class=\"menu-item menu-item-type-post_type menu-item-object-page menu-item-91\"><a href=\"http:\/\/instalemos.com.br\/index.php\/contato\/\" class=\"elementor-item menu-link\">Contato<\/a><\/li>\n<\/ul>\t\t\t<\/nav>\n\t\t\t\t\t<div class=\"elementor-menu-toggle\" role=\"button\" tabindex=\"0\" aria-label=\"Menu Toggle\" aria-expanded=\"false\">\n\t\t\t<svg aria-hidden=\"true\" role=\"presentation\" class=\"elementor-menu-toggle__icon--open e-font-icon-svg e-eicon-menu-bar\" viewBox=\"0 0 1000 1000\" xmlns=\"http:\/\/www.w3.org\/2000\/svg\"><path d=\"M104 333H896C929 333 958 304 958 271S929 208 896 208H104C71 208 42 237 42 271S71 333 104 333ZM104 583H896C929 583 958 554 958 521S929 458 896 458H104C71 458 42 487 42 521S71 583 104 583ZM104 833H896C929 833 958 804 958 771S929 708 896 708H104C71 708 42 737 42 771S71 833 104 833Z\"><\/path><\/svg><svg aria-hidden=\"true\" role=\"presentation\" class=\"elementor-menu-toggle__icon--close e-font-icon-svg e-eicon-close\" viewBox=\"0 0 1000 1000\" xmlns=\"http:\/\/www.w3.org\/2000\/svg\"><path d=\"M742 167L500 408 258 167C246 154 233 150 217 150 196 150 179 158 167 167 154 179 150 196 150 212 150 229 154 242 171 254L408 500 167 742C138 771 138 800 167 829 196 858 225 858 254 829L496 587 738 829C750 842 767 846 783 846 800 846 817 842 829 829 842 817 846 804 846 783 846 767 842 750 829 737L588 500 833 258C863 229 863 200 833 171 804 137 775 137 742 167Z\"><\/path><\/svg>\t\t<\/div>\n\t\t\t\t\t<nav class=\"elementor-nav-menu--dropdown elementor-nav-menu__container\" aria-hidden=\"true\">\n\t\t\t\t<ul id=\"menu-2-24d9aa6e\" class=\"elementor-nav-menu\"><li class=\"menu-item menu-item-type-post_type menu-item-object-page menu-item-home menu-item-92\"><a href=\"http:\/\/instalemos.com.br\/\" class=\"elementor-item menu-link\" tabindex=\"-1\">Home<\/a><\/li>\n<li class=\"menu-item menu-item-type-post_type menu-item-object-page menu-item-90\"><a href=\"http:\/\/instalemos.com.br\/index.php\/quem-somos\/\" class=\"elementor-item menu-link\" tabindex=\"-1\">Quem somos<\/a><\/li>\n<li class=\"menu-item menu-item-type-post_type menu-item-object-page menu-item-89\"><a href=\"http:\/\/instalemos.com.br\/index.php\/servicos\/\" class=\"elementor-item menu-link\" tabindex=\"-1\">Servi\u00e7os<\/a><\/li>\n<li class=\"menu-item menu-item-type-post_type menu-item-object-page menu-item-87\"><a href=\"http:\/\/instalemos.com.br\/index.php\/obras\/\" class=\"elementor-item menu-link\" tabindex=\"-1\">Obras<\/a><\/li>\n<li class=\"menu-item menu-item-type-post_type menu-item-object-page menu-item-91\"><a href=\"http:\/\/instalemos.com.br\/index.php\/contato\/\" class=\"elementor-item menu-link\" tabindex=\"-1\">Contato<\/a><\/li>\n<\/ul>\t\t\t<\/nav>\n\t\t\t\t\t\t<\/div>\n\t\t\t\t<\/div>\n\t\t\t\t<\/div>\n\t\t\t\t<\/div>\n\t\t<div class=\"elementor-element elementor-element-1b0763b9 e-flex e-con-boxed e-con e-parent\" data-id=\"1b0763b9\" data-element_type=\"container\" data-settings=\"{&quot;background_background&quot;:&quot;classic&quot;}\">\n\t\t\t\t\t<div class=\"e-con-inner\">\n\t\t<div class=\"elementor-element elementor-element-675fa452 e-con-full e-flex e-con e-child\" data-id=\"675fa452\" data-element_type=\"container\">\n\t\t\t\t<div class=\"elementor-element elementor-element-1610cfa9 elementor-widget elementor-widget-heading\" data-id=\"1610cfa9\" data-element_type=\"widget\" data-widget_type=\"heading.default\">\n\t\t\t\t<div class=\"elementor-widget-container\">\n\t\t\t\t\t<h2 class=\"elementor-heading-title elementor-size-default\">Obras Realizadas\n<\/h2>\t\t\t\t<\/div>\n\t\t\t\t<\/div>\n\t\t\t\t<div class=\"elementor-element elementor-element-6e7de9b9 elementor-widget elementor-widget-heading\" data-id=\"6e7de9b9\" data-element_type=\"widget\" data-widget_type=\"heading.default\">\n\t\t\t\t<div class=\"elementor-widget-container\">\n\t\t\t\t\t<h5 class=\"elementor-heading-title elementor-size-default\">Projetos que demonstram nossa capacidade e compromisso.\n\n<\/h5>\t\t\t\t<\/div>\n\t\t\t\t<\/div>\n\t\t\t\t<\/div>\n\t\t<div class=\"elementor-element elementor-element-7595981c e-con-full e-flex e-con e-child\" data-id=\"7595981c\" data-element_type=\"container\">\n\t\t\t\t<div class=\"elementor-element elementor-element-3ddecc3d elementor-widget-tablet__width-initial elementor-widget-mobile__width-inherit elementor-widget__width-initial elementor-position-top elementor-widget elementor-widget-image-box\" data-id=\"3ddecc3d\" data-element_type=\"widget\" data-widget_type=\"image-box.default\">\n\t\t\t\t<div class=\"elementor-widget-container\">\n\t\t\t\t\t<div class=\"elementor-image-box-wrapper\"><figure class=\"elementor-image-box-img\"><img decoding=\"async\" width=\"1600\" height=\"1200\" src=\"http:\/\/instalemos.com.br\/wp-content\/uploads\/2025\/10\/17580d0f-bbb1-4cdc-8f3b-7692aede0ef6.jpeg\" class=\"elementor-animation-grow attachment-full size-full wp-image-778\" alt=\"\" srcset=\"http:\/\/instalemos.com.br\/wp-content\/uploads\/2025\/10\/17580d0f-bbb1-4cdc-8f3b-7692aede0ef6.jpeg 1600w, http:\/\/instalemos.com.br\/wp-content\/uploads\/2025\/10\/17580d0f-bbb1-4cdc-8f3b-7692aede0ef6-300x225.jpeg 300w, http:\/\/instalemos.com.br\/wp-content\/uploads\/2025\/10\/17580d0f-bbb1-4cdc-8f3b-7692aede0ef6-1024x768.jpeg 1024w, http:\/\/instalemos.com.br\/wp-content\/uploads\/2025\/10\/17580d0f-bbb1-4cdc-8f3b-7692aede0ef6-768x576.jpeg 768w, http:\/\/instalemos.com.br\/wp-content\/uploads\/2025\/10\/17580d0f-bbb1-4cdc-8f3b-7692aede0ef6-1536x1152.jpeg 1536w\" sizes=\"(max-width: 1600px) 100vw, 1600px\" \/><\/figure><div class=\"elementor-image-box-content\"><h4 class=\"elementor-image-box-title\">Bairro Golden Lake<\/h4><p class=\"elementor-image-box-description\">Estamos presentes tamb\u00e9m na \u00e1rea de infraestrutura el\u00e9trica neste empreendimento junto ao Gua\u00edba em Porto Alegre contendo sete condom\u00ednios de alto padr\u00e3o. <br> (Em andamento)<\/p><\/div><\/div>\t\t\t\t<\/div>\n\t\t\t\t<\/div>\n\t\t\t\t<div class=\"elementor-element elementor-element-14faa9f8 elementor-widget-tablet__width-initial elementor-widget-mobile__width-inherit elementor-widget__width-initial elementor-position-top elementor-widget elementor-widget-image-box\" data-id=\"14faa9f8\" data-element_type=\"widget\" data-widget_type=\"image-box.default\">\n\t\t\t\t<div class=\"elementor-widget-container\">\n\t\t\t\t\t<div class=\"elementor-image-box-wrapper\"><figure class=\"elementor-image-box-img\"><img decoding=\"async\" width=\"800\" height=\"450\" src=\"http:\/\/instalemos.com.br\/wp-content\/uploads\/2025\/07\/Corsan.jpg\" class=\"elementor-animation-grow attachment-full size-full wp-image-312\" alt=\"\" srcset=\"http:\/\/instalemos.com.br\/wp-content\/uploads\/2025\/07\/Corsan.jpg 800w, http:\/\/instalemos.com.br\/wp-content\/uploads\/2025\/07\/Corsan-300x169.jpg 300w, http:\/\/instalemos.com.br\/wp-content\/uploads\/2025\/07\/Corsan-768x432.jpg 768w\" sizes=\"(max-width: 800px) 100vw, 800px\" \/><\/figure><div class=\"elementor-image-box-content\"><h4 class=\"elementor-image-box-title\">Empresa de abastecinento de \u00e1gua do estado<\/h4><p class=\"elementor-image-box-description\">Contrato de Manuten\u00e7\u00e3o e Adequa\u00e7\u00e3o em Subesta\u00e7\u00f5es na regi\u00e3o da Serra do RS\n<\/p><\/div><\/div>\t\t\t\t<\/div>\n\t\t\t\t<\/div>\n\t\t\t\t<div class=\"elementor-element elementor-element-6085752 elementor-widget-tablet__width-initial elementor-widget-mobile__width-inherit elementor-widget__width-initial elementor-position-top elementor-position-top elementor-widget elementor-widget-image-box\" data-id=\"6085752\" data-element_type=\"widget\" data-widget_type=\"image-box.default\">\n\t\t\t\t<div class=\"elementor-widget-container\">\n\t\t\t\t\t<div class=\"elementor-image-box-wrapper\"><figure class=\"elementor-image-box-img\"><img loading=\"lazy\" decoding=\"async\" width=\"900\" height=\"723\" src=\"http:\/\/instalemos.com.br\/wp-content\/uploads\/2025\/09\/WhatsApp-Image-2025-09-26-at-15.58.08-e1758925805499.jpeg\" class=\"elementor-animation-grow attachment-full size-full wp-image-575\" alt=\"\" srcset=\"http:\/\/instalemos.com.br\/wp-content\/uploads\/2025\/09\/WhatsApp-Image-2025-09-26-at-15.58.08-e1758925805499.jpeg 900w, http:\/\/instalemos.com.br\/wp-content\/uploads\/2025\/09\/WhatsApp-Image-2025-09-26-at-15.58.08-e1758925805499-300x241.jpeg 300w, http:\/\/instalemos.com.br\/wp-content\/uploads\/2025\/09\/WhatsApp-Image-2025-09-26-at-15.58.08-e1758925805499-768x617.jpeg 768w\" sizes=\"(max-width: 900px) 100vw, 900px\" \/><\/figure><div class=\"elementor-image-box-content\"><h4 class=\"elementor-image-box-title\">F\u00e1brica da Geraplastic<\/h4><p class=\"elementor-image-box-description\">Na Geraplastic estamos construindo a subesta\u00e7\u00e3o (projeto), SPDA e toda infraestrutura el\u00e9trica da nova sede que esta sendo constru\u00edda em Viam\u00e3o<\/p><\/div><\/div>\t\t\t\t<\/div>\n\t\t\t\t<\/div>\n\t\t\t\t<\/div>\n\t\t\t\t\t<\/div>\n\t\t\t\t<\/div>\n\t\t<footer class=\"elementor-element elementor-element-15671d69 e-flex e-con-boxed e-con e-parent\" data-id=\"15671d69\" data-element_type=\"container\" data-settings=\"{&quot;background_background&quot;:&quot;classic&quot;}\">\n\t\t\t\t\t<div class=\"e-con-inner\">\n\t\t<div class=\"elementor-element elementor-element-3bb3a550 e-con-full e-flex e-con e-child\" data-id=\"3bb3a550\" data-element_type=\"container\">\n\t\t<div class=\"elementor-element elementor-element-5a55dbd6 e-con-full e-flex e-con e-child\" data-id=\"5a55dbd6\" data-element_type=\"container\">\n\t\t\t\t<div class=\"elementor-element elementor-element-299e392a elementor-widget elementor-widget-heading\" data-id=\"299e392a\" data-element_type=\"widget\" data-widget_type=\"heading.default\">\n\t\t\t\t<div class=\"elementor-widget-container\">\n\t\t\t\t\t<p class=\"elementor-heading-title elementor-size-default\">\u00a9 2025  Todos os direitos reservados. Design por b27 design<\/p>\t\t\t\t<\/div>\n\t\t\t\t<\/div>\n\t\t\t\t<\/div>\n\t\t<div class=\"elementor-element elementor-element-6d67165a e-con-full e-flex e-con e-child\" data-id=\"6d67165a\" data-element_type=\"container\">\n\t\t\t\t<div class=\"elementor-element elementor-element-4e94e321 e-grid-align-right e-grid-align-mobile-center elementor-shape-rounded elementor-grid-0 elementor-widget elementor-widget-social-icons\" data-id=\"4e94e321\" data-element_type=\"widget\" data-widget_type=\"social-icons.default\">\n\t\t\t\t<div class=\"elementor-widget-container\">\n\t\t\t\t\t\t\t<div class=\"elementor-social-icons-wrapper elementor-grid\">\n\t\t\t\t\t\t\t<span class=\"elementor-grid-item\">\n\t\t\t\t\t<a class=\"elementor-icon elementor-social-icon elementor-social-icon-instagram elementor-repeater-item-49a61a3\" href=\"https:\/\/www.instagram.com\/instalemos_manutencaoeletrica\/\" target=\"_blank\">\n\t\t\t\t\t\t<span class=\"elementor-screen-only\">Instagram<\/span>\n\t\t\t\t\t\t<svg aria-hidden=\"true\" class=\"e-font-icon-svg e-fab-instagram\" viewBox=\"0 0 448 512\" xmlns=\"http:\/\/www.w3.org\/2000\/svg\"><path d=\"M224.1 141c-63.6 0-114.9 51.3-114.9 114.9s51.3 114.9 114.9 114.9S339 319.5 339 255.9 287.7 141 224.1 141zm0 189.6c-41.1 0-74.7-33.5-74.7-74.7s33.5-74.7 74.7-74.7 74.7 33.5 74.7 74.7-33.6 74.7-74.7 74.7zm146.4-194.3c0 14.9-12 26.8-26.8 26.8-14.9 0-26.8-12-26.8-26.8s12-26.8 26.8-26.8 26.8 12 26.8 26.8zm76.1 27.2c-1.7-35.9-9.9-67.7-36.2-93.9-26.2-26.2-58-34.4-93.9-36.2-37-2.1-147.9-2.1-184.9 0-35.8 1.7-67.6 9.9-93.9 36.1s-34.4 58-36.2 93.9c-2.1 37-2.1 147.9 0 184.9 1.7 35.9 9.9 67.7 36.2 93.9s58 34.4 93.9 36.2c37 2.1 147.9 2.1 184.9 0 35.9-1.7 67.7-9.9 93.9-36.2 26.2-26.2 34.4-58 36.2-93.9 2.1-37 2.1-147.8 0-184.8zM398.8 388c-7.8 19.6-22.9 34.7-42.6 42.6-29.5 11.7-99.5 9-132.1 9s-102.7 2.6-132.1-9c-19.6-7.8-34.7-22.9-42.6-42.6-11.7-29.5-9-99.5-9-132.1s-2.6-102.7 9-132.1c7.8-19.6 22.9-34.7 42.6-42.6 29.5-11.7 99.5-9 132.1-9s102.7-2.6 132.1 9c19.6 7.8 34.7 22.9 42.6 42.6 11.7 29.5 9 99.5 9 132.1s2.7 102.7-9 132.1z\"><\/path><\/svg>\t\t\t\t\t<\/a>\n\t\t\t\t<\/span>\n\t\t\t\t\t<\/div>\n\t\t\t\t\t\t<\/div>\n\t\t\t\t<\/div>\n\t\t\t\t<\/div>\n\t\t\t\t<\/div>\n\t\t\t\t\t<\/div>\n\t\t\t\t<\/footer>\n\t\t\t\t<\/div>\n\t\t","protected":false},"excerpt":{"rendered":"<p>Obras Realizadas Projetos que demonstram nossa capacidade e compromisso. Bairro Golden Lake Estamos presentes tamb\u00e9m na \u00e1rea de infraestrutura el\u00e9trica [&hellip;]<\/p>\n","protected":false},"author":1,"featured_media":0,"parent":0,"menu_order":0,"comment_status":"closed","ping_status":"closed","template":"","meta":{"om_disable_all_campaigns":false,"_monsterinsights_skip_tracking":false,"_monsterinsights_sitenote_active":false,"_monsterinsights_sitenote_note":"","_monsterinsights_sitenote_category":0,"site-sidebar-layout":"no-sidebar","site-content-layout":"","ast-site-content-layout":"full-width-container","site-content-style":"default","site-sidebar-style":"default","ast-global-header-display":"","ast-banner-title-visibility":"","ast-main-header-display":"","ast-hfb-above-header-display":"","ast-hfb-below-header-display":"","ast-hfb-mobile-header-display":"","site-post-title":"disabled","ast-breadcrumbs-content":"","ast-featured-img":"disabled","footer-sml-layout":"","theme-transparent-header-meta":"","adv-header-id-meta":"","stick-header-meta":"","header-above-stick-meta":"","header-main-stick-meta":"","header-below-stick-meta":"","astra-migrate-meta-layouts":"default","ast-page-background-enabled":"default","ast-page-background-meta":{"desktop":{"background-color":"var(--ast-global-color-5)","background-image":"","background-repeat":"repeat","background-position":"center center","background-size":"auto","background-attachment":"scroll","background-type":"","background-media":"","overlay-type":"","overlay-color":"","overlay-opacity":"","overlay-gradient":""},"tablet":{"background-color":"","background-image":"","background-repeat":"repeat","background-position":"center center","background-size":"auto","background-attachment":"scroll","background-type":"","background-media":"","overlay-type":"","overlay-color":"","overlay-opacity":"","overlay-gradient":""},"mobile":{"background-color":"","background-image":"","background-repeat":"repeat","background-position":"center center","background-size":"auto","background-attachment":"scroll","background-type":"","background-media":"","overlay-type":"","overlay-color":"","overlay-opacity":"","overlay-gradient":""}},"ast-content-background-meta":{"desktop":{"background-color":"var(--ast-global-color-4)","background-image":"","background-repeat":"repeat","background-position":"center center","background-size":"auto","background-attachment":"scroll","background-type":"","background-media":"","overlay-type":"","overlay-color":"","overlay-opacity":"","overlay-gradient":""},"tablet":{"background-color":"var(--ast-global-color-4)","background-image":"","background-repeat":"repeat","background-position":"center center","background-size":"auto","background-attachment":"scroll","background-type":"","background-media":"","overlay-type":"","overlay-color":"","overlay-opacity":"","overlay-gradient":""},"mobile":{"background-color":"var(--ast-global-color-4)","background-image":"","background-repeat":"repeat","background-position":"center center","background-size":"auto","background-attachment":"scroll","background-type":"","background-media":"","overlay-type":"","overlay-color":"","overlay-opacity":"","overlay-gradient":""}},"footnotes":""},"class_list":["post-85","page","type-page","status-publish","hentry"],"aioseo_notices":[],"_links":{"self":[{"href":"http:\/\/instalemos.com.br\/index.php\/wp-json\/wp\/v2\/pages\/85","targetHints":{"allow":["GET"]}}],"collection":[{"href":"http:\/\/instalemos.com.br\/index.php\/wp-json\/wp\/v2\/pages"}],"about":[{"href":"http:\/\/instalemos.com.br\/index.php\/wp-json\/wp\/v2\/types\/page"}],"author":[{"embeddable":true,"href":"http:\/\/instalemos.com.br\/index.php\/wp-json\/wp\/v2\/users\/1"}],"replies":[{"embeddable":true,"href":"http:\/\/instalemos.com.br\/index.php\/wp-json\/wp\/v2\/comments?post=85"}],"version-history":[{"count":67,"href":"http:\/\/instalemos.com.br\/index.php\/wp-json\/wp\/v2\/pages\/85\/revisions"}],"predecessor-version":[{"id":784,"href":"http:\/\/instalemos.com.br\/index.php\/wp-json\/wp\/v2\/pages\/85\/revisions\/784"}],"wp:attachment":[{"href":"http:\/\/instalemos.com.br\/index.php\/wp-json\/wp\/v2\/media?parent=85"}],"curies":[{"name":"wp","href":"https:\/\/api.w.org\/{rel}","templated":true}]}}